{"id":105,"date":"2025-11-02T05:09:52","date_gmt":"2025-11-02T05:09:52","guid":{"rendered":"https:\/\/test2.menschenskinder-marburg.de\/?page_id=105"},"modified":"2025-11-02T05:09:52","modified_gmt":"2025-11-02T05:09:52","slug":"ziele","status":"publish","type":"page","link":"https:\/\/menschenskinder-marburg.de\/?page_id=105","title":{"rendered":"Ziele"},"content":{"rendered":"\n<p>Hinter jedem Kind und dessen Familie verbergen sich belastende Schicksale und die Kinder und ihre Familien ben\u00f6tigen unsere Unterst\u00fctzung. Doch aufgrund immer sp\u00e4rlicher flie\u00dfender \u00f6ffentlicher Mittel und des hohen \u00d6konomisierungsdrucks ist es zunehmend schwieriger, Projekte zu verwirklichen, die \u00fcber den Rahmen der gesetzlich vorgegebenen \u201eausreichenden, zweckm\u00e4\u00dfigen und wirtschaftlichen\u201c klinischen Versorgung und Betreuung psychisch kranker Kinder und Jugendlicher hinausgehen.<\/p>\n\n\n\n<p>Ziele des Vereins sind die F\u00f6rderung von Kindern und Jugendlichen mit psychischen Erkrankungen und ihrer Familien, die Aufkl\u00e4rung \u00fcber und Entstigmatisierung von psychischen St\u00f6rungen sowie die Pr\u00e4vention. Insbesondere sollen den jungen Patientinnen und Patienten der Klinik f\u00fcr Kinder- und Jugendpsychiatrie, Psychosomatik und Psychotherapie des Universit\u00e4tsklinikums Marburg (mit deren Au\u00dfenstellen) durch die Unterst\u00fctzung des Vereins zus\u00e4tzliche therapeutische Angebote erm\u00f6glicht werden, was auch ihre soziale Integration weiter f\u00f6rdern kann. Alle Details stehen in \u00a72 unserer Satzung:&nbsp;Aufgaben und Zweck des Vereins.<\/p>\n\n\n\n<p>(1) Zweck des Vereins ist die F\u00f6rderung von Kindern und Jugendlichen mit psychischen Erkrankungen und deren Familien im Raum Marburg-Biedenkopf, Gie\u00dfen und Wetterau und die Aufkl\u00e4rung \u00fcber und Entstigmatisierung von psychischen St\u00f6rungen sowie die Pr\u00e4vention.<br>(2) Der Satzungszweck wird insbesondere verwirklicht durch:<br>\u2022 die F\u00f6rderung der Diagnostik und Behandlung sowie Bereitstellung therapeutischer Angebote f\u00fcr psychisch\/psychosomatisch kranke und behinderte Kinder, Jugendliche sowie deren Eltern und Beziehungspersonen. Insbesondere verfolgt der Verein dabei die Unterst\u00fctzung von psychisch kranken Kindern und Jugendlichen, die in der Klinik f\u00fcr Kinder- und Jugendpsychiatrie, Psychosomatik und Psychotherapie des Universit\u00e4tsklinikum Marburg (inklusive deren Au\u00dfenstellen), Patienten sind bzw. waren.<br>\u2022 die F\u00f6rderung der sozialen Integration der Patienten der Klinik und Tagesklinik f\u00fcr Kinder- und Jugendpsychiatrie, Psychosomatik und Psychotherapie des Universit\u00e4tsklinikum Marburg.<br>\u2022 Bereitstellung komplement\u00e4rer Beratung und Behandlungsangebote f\u00fcr psychisch bzw. psychosomatisch kranke und behinderte Kinder und Jugendliche unter besonderer Einbeziehung des famili\u00e4ren, beruflichen und schulischen Umfeldes.<br>\u2022 die F\u00f6rderung und Bereitstellung von Weiterbildungsangeboten auf dem Gebiete der Kinder-, Jugendlichen- und Familienpsychotherapie sowie F\u00f6rderung von Fortbildungen von Mitarbeitern zur Erweiterung des p\u00e4dagogisch-pflegerischen Angebots.<br>\u2022 die F\u00f6rderung der Kooperation mit Jugendhilfeeinrichtungen und der Schule f\u00fcr Kranke.<br>\u2022 die F\u00f6rderung der Kooperation mit erg\u00e4nzenden Beratungs- und Behandlungs-angeboten.<br>\u2022 die F\u00f6rderung der \u00d6ffentlichkeitsarbeit in Belangen der Kinder und Jugendlichen mit psychischen St\u00f6rungen und ihren Familien.<br>\u2022 die F\u00f6rderung von Qualit\u00e4tssicherung, Datendokumentation und wissenschaftlicher Forschung auf dem Gebiet der Kinder- und Jugendpsychiatrie und Jugendhilfe.<br>\u2022 die Unterst\u00fctzung der Klinik f\u00fcr Kinder- und Jugendpsychiatrie, Psychosomatik und Psychotherapie am UKGM (inklusive ihrer Au\u00dfenstellen) bei der Ausstattung und Gestaltung der patientenbezogenen Bereiche in den Stationen, den Tageskliniken, den Ambulanzen und den dazugeh\u00f6rigen Au\u00dfen- und Spielbereichen.<br>(3) Der Verein verfolgt ausschlie\u00dflich und unmittelbar gemeinn\u00fctzige Zwecke im Sinne des Abschnitts \u201eSteuerbeg\u00fcnstigte Zwecke\u201c der Abgabeordnung.<\/p>\n\n\n\n<p>Der Verein ist anerkannt gemeinn\u00fctzig. Aktuell hat der Verein 37 Mitglieder.<\/p>\n","protected":false},"excerpt":{"rendered":"<p>Hinter jedem Kind und dessen Familie verbergen sich belastende Schicksale und die Kinder und ihre Familien ben\u00f6tigen unsere Unterst\u00fctzung. Doch aufgrund immer sp\u00e4rlicher flie\u00dfender \u00f6ffentlicher Mittel und des hohen \u00d6konomisierungsdrucks ist es zunehmend schwieriger, Projekte zu verwirklichen, die \u00fcber den Rahmen der gesetzlich vorgegebenen \u201eausreichenden, zweckm\u00e4\u00dfigen und wirtschaftlichen\u201c klinischen Versorgung und Betreuung psychisch kranker Kinder &hellip; <\/p>\n<p class=\"link-more\"><a href=\"https:\/\/menschenskinder-marburg.de\/?page_id=105\" class=\"more-link\"><span class=\"screen-reader-text\">\u201eZiele\u201c <\/span>weiterlesen<\/a><\/p>\n","protected":false},"author":1,"featured_media":0,"parent":0,"menu_order":0,"comment_status":"closed","ping_status":"closed","template":"","meta":{"footnotes":""},"class_list":["post-105","page","type-page","status-publish","hentry"],"_links":{"self":[{"href":"https:\/\/menschenskinder-marburg.de\/index.php?rest_route=\/wp\/v2\/pages\/105","targetHints":{"allow":["GET"]}}],"collection":[{"href":"https:\/\/menschenskinder-marburg.de\/index.php?rest_route=\/wp\/v2\/pages"}],"about":[{"href":"https:\/\/menschenskinder-marburg.de\/index.php?rest_route=\/wp\/v2\/types\/page"}],"author":[{"embeddable":true,"href":"https:\/\/menschenskinder-marburg.de\/index.php?rest_route=\/wp\/v2\/users\/1"}],"replies":[{"embeddable":true,"href":"https:\/\/menschenskinder-marburg.de\/index.php?rest_route=%2Fwp%2Fv2%2Fcomments&post=105"}],"version-history":[{"count":1,"href":"https:\/\/menschenskinder-marburg.de\/index.php?rest_route=\/wp\/v2\/pages\/105\/revisions"}],"predecessor-version":[{"id":106,"href":"https:\/\/menschenskinder-marburg.de\/index.php?rest_route=\/wp\/v2\/pages\/105\/revisions\/106"}],"wp:attachment":[{"href":"https:\/\/menschenskinder-marburg.de\/index.php?rest_route=%2Fwp%2Fv2%2Fmedia&parent=105"}],"curies":[{"name":"wp","href":"https:\/\/api.w.org\/{rel}","templated":true}]}}