{"id":20,"date":"2025-11-02T00:32:53","date_gmt":"2025-11-02T00:32:53","guid":{"rendered":"https:\/\/test2.menschenskinder-marburg.de\/?page_id=20"},"modified":"2026-02-22T01:50:15","modified_gmt":"2026-02-22T01:50:15","slug":"ueber-uns","status":"publish","type":"page","link":"https:\/\/menschenskinder-marburg.de\/","title":{"rendered":"\u00dcber uns"},"content":{"rendered":"\n<p>Der F\u00f6rderverein \u201eMenschenskinder Marburg\u201c wurde im Jahr 2012 als gemeinn\u00fctziger Verein gegr\u00fcndet. Er setzt sich f\u00fcr die Belange psychisch erkrankter Kinder und Jugendlicher im Versorgungsbereich der Universit\u00e4tsklinik f\u00fcr Kinder- und Jugendpsychiatrie, Psychosomatik und Psychotherapie Marburg ein, also f\u00fcr Kinder und Jugendliche der Landkreise Marburg-Biedenkopf, Gie\u00dfen und dem Wetteraukreis.<\/p>\n\n\n\n<p class=\"has-text-align-right\"><strong><a href=\"https:\/\/menschenskinder-marburg.de\/?page_id=105\" data-type=\"page\" data-id=\"105\">mehr erfahren \u25ba<\/a><\/strong><\/p>\n\n\n\n<p><\/p>\n","protected":false},"excerpt":{"rendered":"<p>Der F\u00f6rderverein \u201eMenschenskinder Marburg\u201c wurde im Jahr 2012 als gemeinn\u00fctziger Verein gegr\u00fcndet. Er setzt sich f\u00fcr die Belange psychisch erkrankter Kinder und Jugendlicher im Versorgungsbereich der Universit\u00e4tsklinik f\u00fcr Kinder- und Jugendpsychiatrie, Psychosomatik und Psychotherapie Marburg ein, also f\u00fcr Kinder und Jugendliche der Landkreise Marburg-Biedenkopf, Gie\u00dfen und dem Wetteraukreis. mehr erfahren \u25ba<\/p>\n","protected":false},"author":1,"featured_media":0,"parent":0,"menu_order":0,"comment_status":"closed","ping_status":"closed","template":"","meta":{"footnotes":""},"class_list":["post-20","page","type-page","status-publish","hentry"],"_links":{"self":[{"href":"https:\/\/menschenskinder-marburg.de\/index.php?rest_route=\/wp\/v2\/pages\/20","targetHints":{"allow":["GET"]}}],"collection":[{"href":"https:\/\/menschenskinder-marburg.de\/index.php?rest_route=\/wp\/v2\/pages"}],"about":[{"href":"https:\/\/menschenskinder-marburg.de\/index.php?rest_route=\/wp\/v2\/types\/page"}],"author":[{"embeddable":true,"href":"https:\/\/menschenskinder-marburg.de\/index.php?rest_route=\/wp\/v2\/users\/1"}],"replies":[{"embeddable":true,"href":"https:\/\/menschenskinder-marburg.de\/index.php?rest_route=%2Fwp%2Fv2%2Fcomments&post=20"}],"version-history":[{"count":9,"href":"https:\/\/menschenskinder-marburg.de\/index.php?rest_route=\/wp\/v2\/pages\/20\/revisions"}],"predecessor-version":[{"id":193,"href":"https:\/\/menschenskinder-marburg.de\/index.php?rest_route=\/wp\/v2\/pages\/20\/revisions\/193"}],"wp:attachment":[{"href":"https:\/\/menschenskinder-marburg.de\/index.php?rest_route=%2Fwp%2Fv2%2Fmedia&parent=20"}],"curies":[{"name":"wp","href":"https:\/\/api.w.org\/{rel}","templated":true}]}}