{"id":66,"date":"2025-11-02T03:19:39","date_gmt":"2025-11-02T03:19:39","guid":{"rendered":"https:\/\/test2.menschenskinder-marburg.de\/?page_id=66"},"modified":"2026-02-22T02:01:07","modified_gmt":"2026-02-22T02:01:07","slug":"projekte","status":"publish","type":"page","link":"https:\/\/menschenskinder-marburg.de\/?page_id=66","title":{"rendered":"Projekte"},"content":{"rendered":"\n<p>Zur Verwirklichung unserer Ziele f\u00f6rdern wir viele unterschiedliche kleine und gro\u00dfe, kontiniuerliche und einmalige Projekte.<\/p>\n\n\n\n<p>Ein Schwerpunkt sind die kontinuierlichen F\u00f6rderungen:<\/p>\n\n\n\n<ul class=\"wp-block-list\">\n<li>Therapeutisches Reiten<\/li>\n\n\n\n<li>Tiertherapie mit Hunden<\/li>\n\n\n\n<li>Musiktherapie<\/li>\n\n\n\n<li>Klettern in der Kletterhalle Marburg<\/li>\n<\/ul>\n\n\n\n<p>Einmalige Projekte ergeben sich aus dem Bedarf der Klinik. Diese werden aus dem laufenden Budget des Vereins oder nach Einwerbung zweckgebundener Spenden finanziert. Beispiele sind aus den letzten Jahren sind:<\/p>\n\n\n\n<ul class=\"wp-block-list\">\n<li>Ausstattung der Klinik mit fast 100 Bildern f\u00fcr Flure und Aufenthaltsbereiche<\/li>\n\n\n\n<li>Sitzgruppen f\u00fcr den Au\u00dfenbereich <\/li>\n\n\n\n<li>Hochbeete f\u00fcr die Stationen zur Arbeit mit Patientinnen und Patienten<\/li>\n\n\n\n<li>Magischer Teppich f\u00fcr die Kinderstation<\/li>\n<\/ul>\n\n\n\n<p><\/p>\n","protected":false},"excerpt":{"rendered":"<p>Zur Verwirklichung unserer Ziele f\u00f6rdern wir viele unterschiedliche kleine und gro\u00dfe, kontiniuerliche und einmalige Projekte. Ein Schwerpunkt sind die kontinuierlichen F\u00f6rderungen: Einmalige Projekte ergeben sich aus dem Bedarf der Klinik. Diese werden aus dem laufenden Budget des Vereins oder nach Einwerbung zweckgebundener Spenden finanziert. Beispiele sind aus den letzten Jahren sind:<\/p>\n","protected":false},"author":1,"featured_media":0,"parent":0,"menu_order":0,"comment_status":"closed","ping_status":"closed","template":"","meta":{"footnotes":""},"class_list":["post-66","page","type-page","status-publish","hentry"],"_links":{"self":[{"href":"https:\/\/menschenskinder-marburg.de\/index.php?rest_route=\/wp\/v2\/pages\/66","targetHints":{"allow":["GET"]}}],"collection":[{"href":"https:\/\/menschenskinder-marburg.de\/index.php?rest_route=\/wp\/v2\/pages"}],"about":[{"href":"https:\/\/menschenskinder-marburg.de\/index.php?rest_route=\/wp\/v2\/types\/page"}],"author":[{"embeddable":true,"href":"https:\/\/menschenskinder-marburg.de\/index.php?rest_route=\/wp\/v2\/users\/1"}],"replies":[{"embeddable":true,"href":"https:\/\/menschenskinder-marburg.de\/index.php?rest_route=%2Fwp%2Fv2%2Fcomments&post=66"}],"version-history":[{"count":2,"href":"https:\/\/menschenskinder-marburg.de\/index.php?rest_route=\/wp\/v2\/pages\/66\/revisions"}],"predecessor-version":[{"id":174,"href":"https:\/\/menschenskinder-marburg.de\/index.php?rest_route=\/wp\/v2\/pages\/66\/revisions\/174"}],"wp:attachment":[{"href":"https:\/\/menschenskinder-marburg.de\/index.php?rest_route=%2Fwp%2Fv2%2Fmedia&parent=66"}],"curies":[{"name":"wp","href":"https:\/\/api.w.org\/{rel}","templated":true}]}}