{"id":82,"date":"2025-11-02T03:44:57","date_gmt":"2025-11-02T03:44:57","guid":{"rendered":"https:\/\/test2.menschenskinder-marburg.de\/?page_id=82"},"modified":"2026-02-18T04:26:45","modified_gmt":"2026-02-18T04:26:45","slug":"kontakt","status":"publish","type":"page","link":"https:\/\/menschenskinder-marburg.de\/?page_id=82","title":{"rendered":"Kontakt"},"content":{"rendered":"\n<p id=\"Ueberschrift\">So k\u00f6nnen Sie uns erreichen:<\/p>\n\n\n\n<p>Anschrift:<br>Menschenskinder Marburg e.V.<br>Sch\u00fctzenstra\u00dfe 45<br>35039 Marburg<\/p>\n\n\n\n<p>Telefon:<br>06421 \/ 586 62 61<\/p>\n\n\n\n<p>Fax:<br>06421 \/ 586 89 75<\/p>\n\n\n\n<p>E-Mail:<br>info(at)menschenskinder-marburg.de<\/p>\n\n\n\n<p><\/p>\n","protected":false},"excerpt":{"rendered":"<p>So k\u00f6nnen Sie uns erreichen: Anschrift:Menschenskinder Marburg e.V.Sch\u00fctzenstra\u00dfe 4535039 Marburg Telefon:06421 \/ 586 62 61 Fax:06421 \/ 586 89 75 E-Mail:info(at)menschenskinder-marburg.de<\/p>\n","protected":false},"author":1,"featured_media":0,"parent":0,"menu_order":0,"comment_status":"closed","ping_status":"closed","template":"","meta":{"footnotes":""},"class_list":["post-82","page","type-page","status-publish","hentry"],"_links":{"self":[{"href":"https:\/\/menschenskinder-marburg.de\/index.php?rest_route=\/wp\/v2\/pages\/82","targetHints":{"allow":["GET"]}}],"collection":[{"href":"https:\/\/menschenskinder-marburg.de\/index.php?rest_route=\/wp\/v2\/pages"}],"about":[{"href":"https:\/\/menschenskinder-marburg.de\/index.php?rest_route=\/wp\/v2\/types\/page"}],"author":[{"embeddable":true,"href":"https:\/\/menschenskinder-marburg.de\/index.php?rest_route=\/wp\/v2\/users\/1"}],"replies":[{"embeddable":true,"href":"https:\/\/menschenskinder-marburg.de\/index.php?rest_route=%2Fwp%2Fv2%2Fcomments&post=82"}],"version-history":[{"count":8,"href":"https:\/\/menschenskinder-marburg.de\/index.php?rest_route=\/wp\/v2\/pages\/82\/revisions"}],"predecessor-version":[{"id":181,"href":"https:\/\/menschenskinder-marburg.de\/index.php?rest_route=\/wp\/v2\/pages\/82\/revisions\/181"}],"wp:attachment":[{"href":"https:\/\/menschenskinder-marburg.de\/index.php?rest_route=%2Fwp%2Fv2%2Fmedia&parent=82"}],"curies":[{"name":"wp","href":"https:\/\/api.w.org\/{rel}","templated":true}]}}